{"id":26,"date":"2016-02-12T08:13:33","date_gmt":"2016-02-12T07:13:33","guid":{"rendered":"http:\/\/demos.famethemes.com\/onepress\/?page_id=26"},"modified":"2022-03-15T17:04:50","modified_gmt":"2022-03-15T21:04:50","slug":"service-title-4","status":"publish","type":"page","link":"https:\/\/ecomatiquefwi.fr\/?page_id=26","title":{"rendered":"Solutions tout-en-un"},"content":{"rendered":"\n<p><strong>Eco&rsquo;Matique\u00ae<\/strong> , ce n&rsquo;est pas seulement du d\u00e9pannage , mais aussi de la mise en place de solutions informatiques. Une solution informatique est la r\u00e9ponse \u00e0 une demande technique donn\u00e9e.<\/p>\n\n\n\n<p>Exemple : vous voulez acc\u00e9der \u00e0 vos donn\u00e9es depuis l&rsquo;ext\u00e9rieur , de mani\u00e8re s\u00e9curis\u00e9e ?<\/p>\n\n\n\n<p>Solution : Mise en place d&rsquo;un serveur de donn\u00e9es chez vous avec acc\u00e8s externe !<\/p>\n\n\n\n<p><strong>Eco&rsquo;Matique\u00ae<\/strong> a la capacit\u00e9 d&rsquo;\u00e9tudier n&rsquo;importe quel demande technique et d&rsquo;y trouver des solutions efficaces et rentables.<\/p>\n\n\n\n<p>Il faut bien s\u00fbr un peu de temps pour \u00e9tudier ces demandes et trouver les alternatives possibles. Comptez entre 2 jours \u00e0 1 semaine de recherches pour une demande sp\u00e9cifique.<\/p>\n\n\n\n<p><\/p>\n","protected":false},"excerpt":{"rendered":"<p>Mise en place tout-en-un pour r\u00e9pondre \u00e0 des besoins particuliers (Cloud personnel , Sauvegarde Cloud , etc&#8230;)<\/p>\n","protected":false},"author":2,"featured_media":0,"parent":0,"menu_order":0,"comment_status":"closed","ping_status":"closed","template":"","meta":{"_monsterinsights_skip_tracking":false,"_monsterinsights_sitenote_active":false,"_monsterinsights_sitenote_note":"","_monsterinsights_sitenote_category":0,"footnotes":""},"class_list":["post-26","page","type-page","status-publish","hentry"],"_links":{"self":[{"href":"https:\/\/ecomatiquefwi.fr\/index.php?rest_route=\/wp\/v2\/pages\/26","targetHints":{"allow":["GET"]}}],"collection":[{"href":"https:\/\/ecomatiquefwi.fr\/index.php?rest_route=\/wp\/v2\/pages"}],"about":[{"href":"https:\/\/ecomatiquefwi.fr\/index.php?rest_route=\/wp\/v2\/types\/page"}],"author":[{"embeddable":true,"href":"https:\/\/ecomatiquefwi.fr\/index.php?rest_route=\/wp\/v2\/users\/2"}],"replies":[{"embeddable":true,"href":"https:\/\/ecomatiquefwi.fr\/index.php?rest_route=%2Fwp%2Fv2%2Fcomments&post=26"}],"version-history":[{"count":13,"href":"https:\/\/ecomatiquefwi.fr\/index.php?rest_route=\/wp\/v2\/pages\/26\/revisions"}],"predecessor-version":[{"id":1672,"href":"https:\/\/ecomatiquefwi.fr\/index.php?rest_route=\/wp\/v2\/pages\/26\/revisions\/1672"}],"wp:attachment":[{"href":"https:\/\/ecomatiquefwi.fr\/index.php?rest_route=%2Fwp%2Fv2%2Fmedia&parent=26"}],"curies":[{"name":"wp","href":"https:\/\/api.w.org\/{rel}","templated":true}]}}