{"id":25,"date":"2016-02-12T08:13:22","date_gmt":"2016-02-12T07:13:22","guid":{"rendered":"http:\/\/demos.famethemes.com\/onepress\/?page_id=25"},"modified":"2022-03-15T17:03:21","modified_gmt":"2022-03-15T21:03:21","slug":"service-title-3","status":"publish","type":"page","link":"https:\/\/ecomatiquefwi.fr\/?page_id=25","title":{"rendered":"R\u00e9cup\u00e9ration de donn\u00e9es de 1er niveau, Sauvegarde et S\u00e9curit\u00e9"},"content":{"rendered":"\n<p>Votre ordinateur a besoin d&rsquo;\u00eatre s\u00e9curis\u00e9 avec les outils ad\u00e9quats , et cela aussi pour votre propre s\u00e9curit\u00e9. <strong>Eco&rsquo;Matique\u00ae<\/strong> vous propose donc des prestations de s\u00e9curisation de poste informatique , mais aussi de sauvegardes qui vous permettront de dormir sur vos 2 oreilles si votre ordinateur vous l\u00e2che.<\/p>\n\n\n\n<p><\/p>\n","protected":false},"excerpt":{"rendered":"<p>R\u00e9cup\u00e9ration de donn\u00e9es simple , Sauvegarde ponctuelle ou r\u00e9guli\u00e8re des donn\u00e9es , S\u00e9curisation du poste de travail (Virus et autres menaces)<\/p>\n","protected":false},"author":2,"featured_media":0,"parent":0,"menu_order":0,"comment_status":"closed","ping_status":"closed","template":"","meta":{"_monsterinsights_skip_tracking":false,"_monsterinsights_sitenote_active":false,"_monsterinsights_sitenote_note":"","_monsterinsights_sitenote_category":0,"footnotes":""},"class_list":["post-25","page","type-page","status-publish","hentry"],"_links":{"self":[{"href":"https:\/\/ecomatiquefwi.fr\/index.php?rest_route=\/wp\/v2\/pages\/25","targetHints":{"allow":["GET"]}}],"collection":[{"href":"https:\/\/ecomatiquefwi.fr\/index.php?rest_route=\/wp\/v2\/pages"}],"about":[{"href":"https:\/\/ecomatiquefwi.fr\/index.php?rest_route=\/wp\/v2\/types\/page"}],"author":[{"embeddable":true,"href":"https:\/\/ecomatiquefwi.fr\/index.php?rest_route=\/wp\/v2\/users\/2"}],"replies":[{"embeddable":true,"href":"https:\/\/ecomatiquefwi.fr\/index.php?rest_route=%2Fwp%2Fv2%2Fcomments&post=25"}],"version-history":[{"count":12,"href":"https:\/\/ecomatiquefwi.fr\/index.php?rest_route=\/wp\/v2\/pages\/25\/revisions"}],"predecessor-version":[{"id":1670,"href":"https:\/\/ecomatiquefwi.fr\/index.php?rest_route=\/wp\/v2\/pages\/25\/revisions\/1670"}],"wp:attachment":[{"href":"https:\/\/ecomatiquefwi.fr\/index.php?rest_route=%2Fwp%2Fv2%2Fmedia&parent=25"}],"curies":[{"name":"wp","href":"https:\/\/api.w.org\/{rel}","templated":true}]}}