{"id":23,"date":"2016-02-12T08:12:49","date_gmt":"2016-02-12T07:12:49","guid":{"rendered":"http:\/\/demos.famethemes.com\/onepress\/?page_id=23"},"modified":"2022-03-15T17:04:23","modified_gmt":"2022-03-15T21:04:23","slug":"service-title-1","status":"publish","type":"page","link":"https:\/\/ecomatiquefwi.fr\/?page_id=23","title":{"rendered":"R\u00e9solution de probl\u00e8mes informatiques"},"content":{"rendered":"\n<p>Les probl\u00e8mes informatiques peuvent \u00eatre divers et vari\u00e9s.<\/p>\n\n\n\n<p><\/p>\n\n\n\n<p><\/p>\n\n\n\n<p><\/p>\n","protected":false},"excerpt":{"rendered":"<p>R\u00e9solution de probl\u00e8mes informatiques bas\u00e9 sur un diagnostic, puis intervention \u00e0 domicile ou en atelier.<\/p>\n","protected":false},"author":2,"featured_media":0,"parent":0,"menu_order":0,"comment_status":"closed","ping_status":"closed","template":"","meta":{"_monsterinsights_skip_tracking":false,"_monsterinsights_sitenote_active":false,"_monsterinsights_sitenote_note":"","_monsterinsights_sitenote_category":0,"footnotes":""},"class_list":["post-23","page","type-page","status-publish","hentry"],"_links":{"self":[{"href":"https:\/\/ecomatiquefwi.fr\/index.php?rest_route=\/wp\/v2\/pages\/23","targetHints":{"allow":["GET"]}}],"collection":[{"href":"https:\/\/ecomatiquefwi.fr\/index.php?rest_route=\/wp\/v2\/pages"}],"about":[{"href":"https:\/\/ecomatiquefwi.fr\/index.php?rest_route=\/wp\/v2\/types\/page"}],"author":[{"embeddable":true,"href":"https:\/\/ecomatiquefwi.fr\/index.php?rest_route=\/wp\/v2\/users\/2"}],"replies":[{"embeddable":true,"href":"https:\/\/ecomatiquefwi.fr\/index.php?rest_route=%2Fwp%2Fv2%2Fcomments&post=23"}],"version-history":[{"count":15,"href":"https:\/\/ecomatiquefwi.fr\/index.php?rest_route=\/wp\/v2\/pages\/23\/revisions"}],"predecessor-version":[{"id":1671,"href":"https:\/\/ecomatiquefwi.fr\/index.php?rest_route=\/wp\/v2\/pages\/23\/revisions\/1671"}],"wp:attachment":[{"href":"https:\/\/ecomatiquefwi.fr\/index.php?rest_route=%2Fwp%2Fv2%2Fmedia&parent=23"}],"curies":[{"name":"wp","href":"https:\/\/api.w.org\/{rel}","templated":true}]}}